{"id":96,"date":"2024-10-01T11:11:51","date_gmt":"2024-10-01T11:11:51","guid":{"rendered":"https:\/\/die-energiepioniere.de\/?page_id=96"},"modified":"2026-03-31T09:42:22","modified_gmt":"2026-03-31T09:42:22","slug":"about-us","status":"publish","type":"page","link":"https:\/\/die-energiepioniere.de\/de\/about-us\/","title":{"rendered":"\u00dcber uns"},"content":{"rendered":"\t\t<div data-elementor-type=\"wp-page\" data-elementor-id=\"96\" class=\"elementor elementor-96\" data-elementor-post-type=\"page\">\n\t\t\t\t<div class=\"elementor-element elementor-element-135acb2 e-con-full e-flex e-con e-parent\" data-id=\"135acb2\" data-element_type=\"container\" data-e-type=\"container\">\n\t\t\t\t<div class=\"elementor-element elementor-element-1ad0dae elementor-widget elementor-widget-image\" data-id=\"1ad0dae\" data-element_type=\"widget\" data-e-type=\"widget\" data-widget_type=\"image.default\">\n\t\t\t\t<div class=\"elementor-widget-container\">\n\t\t\t\t\t\t\t\t\t\t\t\t\t\t\t<img fetchpriority=\"high\" decoding=\"async\" width=\"800\" height=\"395\" src=\"https:\/\/die-energiepioniere.de\/wp-content\/uploads\/2024\/10\/pimjer3-1024x506.png\" class=\"attachment-large size-large wp-image-2754\" alt=\"\" srcset=\"https:\/\/die-energiepioniere.de\/wp-content\/uploads\/2024\/10\/pimjer3-1024x506.png 1024w, https:\/\/die-energiepioniere.de\/wp-content\/uploads\/2024\/10\/pimjer3-300x148.png 300w, https:\/\/die-energiepioniere.de\/wp-content\/uploads\/2024\/10\/pimjer3-768x380.png 768w, https:\/\/die-energiepioniere.de\/wp-content\/uploads\/2024\/10\/pimjer3-1536x760.png 1536w, https:\/\/die-energiepioniere.de\/wp-content\/uploads\/2024\/10\/pimjer3-2048x1013.png 2048w, https:\/\/die-energiepioniere.de\/wp-content\/uploads\/2024\/10\/pimjer3-18x9.png 18w\" sizes=\"(max-width: 800px) 100vw, 800px\" \/>\t\t\t\t\t\t\t\t\t\t\t\t\t\t\t<\/div>\n\t\t\t\t<\/div>\n\t\t\t\t<\/div>\n\t\t<div class=\"elementor-element elementor-element-07ef287 e-flex e-con-boxed e-con e-parent\" data-id=\"07ef287\" data-element_type=\"container\" data-e-type=\"container\" data-settings=\"{&quot;background_background&quot;:&quot;classic&quot;}\">\n\t\t\t\t\t<div class=\"e-con-inner\">\n\t\t\t\t<div class=\"elementor-element elementor-element-c3430cc elementor-widget__width-initial elementor-widget elementor-widget-text-editor\" data-id=\"c3430cc\" data-element_type=\"widget\" data-e-type=\"widget\" data-widget_type=\"text-editor.default\">\n\t\t\t\t<div class=\"elementor-widget-container\">\n\t\t\t\t\t\t\t\t\t<p>Wir sind<\/p><p><strong>DIE ENERGIEPIONIERE<\/strong>\u00a0<\/p><p>\u2013 Ihr zuverl\u00e4ssiger Partner f\u00fcr innovative L\u00f6sungen im Bereich erneuerbare Energien. Seit unserer Gr\u00fcndung stehen wir f\u00fcr Qualit\u00e4t, Kompetenz und pers\u00f6nliche Beratung. Wir verbinden modernes Know-how mit langj\u00e4hriger Erfahrung, um f\u00fcr unsere Kunden ma\u00dfgeschneiderte Ergebnisse zu liefern. Unser Ziel ist es, nachhaltigen Mehrwert zu schaffen und Vertrauen durch Leistung zu gewinnen<\/p>\t\t\t\t\t\t\t\t<\/div>\n\t\t\t\t<\/div>\n\t\t\t\t\t<\/div>\n\t\t\t\t<\/div>\n\t\t<div class=\"elementor-element elementor-element-59558e1 e-flex e-con-boxed e-con e-parent\" data-id=\"59558e1\" data-element_type=\"container\" data-e-type=\"container\" data-settings=\"{&quot;background_background&quot;:&quot;classic&quot;}\">\n\t\t\t\t\t<div class=\"e-con-inner\">\n\t\t<div class=\"elementor-element elementor-element-38e76cb e-con-full e-flex e-con e-child\" data-id=\"38e76cb\" data-element_type=\"container\" data-e-type=\"container\">\n\t\t<div class=\"elementor-element elementor-element-e384736 e-con-full e-flex e-con e-child\" data-id=\"e384736\" data-element_type=\"container\" data-e-type=\"container\">\n\t\t\t\t<div class=\"elementor-element elementor-element-d5561d0 elementor-widget elementor-widget-image\" data-id=\"d5561d0\" data-element_type=\"widget\" data-e-type=\"widget\" data-widget_type=\"image.default\">\n\t\t\t\t<div class=\"elementor-widget-container\">\n\t\t\t\t\t\t\t\t\t\t\t\t\t\t\t<img decoding=\"async\" width=\"768\" height=\"1024\" src=\"https:\/\/die-energiepioniere.de\/wp-content\/uploads\/2026\/03\/WhatsApp-Image-2026-03-26-at-19.16.17-768x1024.jpeg\" class=\"attachment-large size-large wp-image-3736\" alt=\"\" srcset=\"https:\/\/die-energiepioniere.de\/wp-content\/uploads\/2026\/03\/WhatsApp-Image-2026-03-26-at-19.16.17-768x1024.jpeg 768w, https:\/\/die-energiepioniere.de\/wp-content\/uploads\/2026\/03\/WhatsApp-Image-2026-03-26-at-19.16.17-225x300.jpeg 225w, https:\/\/die-energiepioniere.de\/wp-content\/uploads\/2026\/03\/WhatsApp-Image-2026-03-26-at-19.16.17-1152x1536.jpeg 1152w, https:\/\/die-energiepioniere.de\/wp-content\/uploads\/2026\/03\/WhatsApp-Image-2026-03-26-at-19.16.17-9x12.jpeg 9w, https:\/\/die-energiepioniere.de\/wp-content\/uploads\/2026\/03\/WhatsApp-Image-2026-03-26-at-19.16.17.jpeg 1200w\" sizes=\"(max-width: 768px) 100vw, 768px\" \/>\t\t\t\t\t\t\t\t\t\t\t\t\t\t\t<\/div>\n\t\t\t\t<\/div>\n\t\t\t\t<\/div>\n\t\t<div class=\"elementor-element elementor-element-88a33c9 e-con-full e-flex e-con e-child\" data-id=\"88a33c9\" data-element_type=\"container\" data-e-type=\"container\" data-settings=\"{&quot;background_background&quot;:&quot;slideshow&quot;,&quot;background_slideshow_gallery&quot;:[],&quot;background_slideshow_loop&quot;:&quot;yes&quot;,&quot;background_slideshow_slide_duration&quot;:5000,&quot;background_slideshow_slide_transition&quot;:&quot;fade&quot;,&quot;background_slideshow_transition_duration&quot;:500}\">\n\t\t\t\t<div class=\"elementor-element elementor-element-f212aed elementor-widget__width-initial elementor-widget elementor-widget-text-editor\" data-id=\"f212aed\" data-element_type=\"widget\" data-e-type=\"widget\" data-widget_type=\"text-editor.default\">\n\t\t\t\t<div class=\"elementor-widget-container\">\n\t\t\t\t\t\t\t\t\t<p>&#8220;Unser Ziel ist es, nachhaltige Energie zur Selbstverst\u00e4ndlichkeit zu machen \u2013 nicht zur Ausnahme. Mit erneuerbaren Energiekonzepten und fundierter Beratung bef\u00e4higen wir Menschen, ihre eigene Energiezukunft aktiv zu gestalten und dabei ihren \u00f6kologischen Fu\u00dfabdruck deutlich zu reduzieren.&#8221;\u00a0<\/p><p>&#8211; Tassilo Hahn (Gesch\u00e4ftsf\u00fchrer)<\/p>\t\t\t\t\t\t\t\t<\/div>\n\t\t\t\t<\/div>\n\t\t\t\t<\/div>\n\t\t\t\t<\/div>\n\t\t\t\t\t<\/div>\n\t\t\t\t<\/div>\n\t\t<div class=\"elementor-element elementor-element-088656c elementor-hidden-desktop elementor-hidden-tablet elementor-hidden-mobile e-flex e-con-boxed e-con e-parent\" data-id=\"088656c\" data-element_type=\"container\" data-e-type=\"container\">\n\t\t\t\t\t<div class=\"e-con-inner\">\n\t\t<div class=\"elementor-element elementor-element-7aad99a e-con-full e-flex e-con e-child\" data-id=\"7aad99a\" data-element_type=\"container\" data-e-type=\"container\">\n\t\t<div class=\"elementor-element elementor-element-f2df3d8 e-con-full elementor-hidden-desktop elementor-hidden-tablet elementor-hidden-mobile e-flex e-con e-child\" data-id=\"f2df3d8\" data-element_type=\"container\" data-e-type=\"container\" data-settings=\"{&quot;background_background&quot;:&quot;classic&quot;}\">\n\t\t\t\t<div class=\"elementor-element elementor-element-9ef64bd elementor-widget elementor-widget-heading\" data-id=\"9ef64bd\" data-element_type=\"widget\" data-e-type=\"widget\" data-widget_type=\"heading.default\">\n\t\t\t\t<div class=\"elementor-widget-container\">\n\t\t\t\t\t<h2 class=\"elementor-heading-title elementor-size-default\">\/ our team<\/h2>\t\t\t\t<\/div>\n\t\t\t\t<\/div>\n\t\t\t\t<\/div>\n\t\t\t\t<div class=\"elementor-element elementor-element-ccbe691 elementor-widget elementor-widget-heading\" data-id=\"ccbe691\" data-element_type=\"widget\" data-e-type=\"widget\" data-widget_type=\"heading.default\">\n\t\t\t\t<div class=\"elementor-widget-container\">\n\t\t\t\t\t<h2 class=\"elementor-heading-title elementor-size-default\">Who are we?<\/h2>\t\t\t\t<\/div>\n\t\t\t\t<\/div>\n\t\t\t\t<div class=\"elementor-element elementor-element-9185aac elementor-widget__width-initial elementor-widget elementor-widget-text-editor\" data-id=\"9185aac\" data-element_type=\"widget\" data-e-type=\"widget\" data-widget_type=\"text-editor.default\">\n\t\t\t\t<div class=\"elementor-widget-container\">\n\t\t\t\t\t\t\t\t\t<p>Meet the passionate individuals driving our mission forward. From our skilled installers to our knowledgeable consultants, every team member is committed to your solar success.<\/p>\t\t\t\t\t\t\t\t<\/div>\n\t\t\t\t<\/div>\n\t\t\t\t<\/div>\n\t\t<div class=\"elementor-element elementor-element-8c0f822 e-con-full e-flex e-con e-child\" data-id=\"8c0f822\" data-element_type=\"container\" data-e-type=\"container\">\n\t\t<div class=\"elementor-element elementor-element-69f7925 e-con-full e-flex e-con e-child\" data-id=\"69f7925\" data-element_type=\"container\" data-e-type=\"container\">\n\t\t<div class=\"elementor-element elementor-element-5eec602 e-con-full elementor-hidden-desktop elementor-hidden-tablet elementor-hidden-mobile e-flex e-con e-child\" data-id=\"5eec602\" data-element_type=\"container\" data-e-type=\"container\" data-settings=\"{&quot;background_background&quot;:&quot;classic&quot;}\">\n\t\t\t\t<\/div>\n\t\t\t\t<div class=\"elementor-element elementor-element-80506dd elementor-widget elementor-widget-text-editor\" data-id=\"80506dd\" data-element_type=\"widget\" data-e-type=\"widget\" data-widget_type=\"text-editor.default\">\n\t\t\t\t<div class=\"elementor-widget-container\">\n\t\t\t\t\t\t\t\t\t<p>John Dakne<\/p>\t\t\t\t\t\t\t\t<\/div>\n\t\t\t\t<\/div>\n\t\t\t\t<div class=\"elementor-element elementor-element-4202a2e elementor-widget elementor-widget-text-editor\" data-id=\"4202a2e\" data-element_type=\"widget\" data-e-type=\"widget\" data-widget_type=\"text-editor.default\">\n\t\t\t\t<div class=\"elementor-widget-container\">\n\t\t\t\t\t\t\t\t\t<p>Co-founder<\/p>\t\t\t\t\t\t\t\t<\/div>\n\t\t\t\t<\/div>\n\t\t\t\t<\/div>\n\t\t<div class=\"elementor-element elementor-element-1af7236 e-con-full e-flex e-con e-child\" data-id=\"1af7236\" data-element_type=\"container\" data-e-type=\"container\">\n\t\t<div class=\"elementor-element elementor-element-1005c01 e-con-full elementor-hidden-desktop elementor-hidden-tablet elementor-hidden-mobile e-flex e-con e-child\" data-id=\"1005c01\" data-element_type=\"container\" data-e-type=\"container\" data-settings=\"{&quot;background_background&quot;:&quot;classic&quot;}\">\n\t\t\t\t<\/div>\n\t\t\t\t<div class=\"elementor-element elementor-element-2dbfca4 elementor-widget elementor-widget-text-editor\" data-id=\"2dbfca4\" data-element_type=\"widget\" data-e-type=\"widget\" data-widget_type=\"text-editor.default\">\n\t\t\t\t<div class=\"elementor-widget-container\">\n\t\t\t\t\t\t\t\t\t<p>John Dakne<\/p>\t\t\t\t\t\t\t\t<\/div>\n\t\t\t\t<\/div>\n\t\t\t\t<div class=\"elementor-element elementor-element-ffb1f78 elementor-widget elementor-widget-text-editor\" data-id=\"ffb1f78\" data-element_type=\"widget\" data-e-type=\"widget\" data-widget_type=\"text-editor.default\">\n\t\t\t\t<div class=\"elementor-widget-container\">\n\t\t\t\t\t\t\t\t\t<p>Co-founder<\/p>\t\t\t\t\t\t\t\t<\/div>\n\t\t\t\t<\/div>\n\t\t\t\t<\/div>\n\t\t<div class=\"elementor-element elementor-element-2a1c3b2 e-con-full e-flex e-con e-child\" data-id=\"2a1c3b2\" data-element_type=\"container\" data-e-type=\"container\">\n\t\t<div class=\"elementor-element elementor-element-d77a2c4 e-con-full elementor-hidden-desktop elementor-hidden-tablet elementor-hidden-mobile e-flex e-con e-child\" data-id=\"d77a2c4\" data-element_type=\"container\" data-e-type=\"container\" data-settings=\"{&quot;background_background&quot;:&quot;classic&quot;}\">\n\t\t\t\t<\/div>\n\t\t\t\t<div class=\"elementor-element elementor-element-68cbe92 elementor-widget elementor-widget-text-editor\" data-id=\"68cbe92\" data-element_type=\"widget\" data-e-type=\"widget\" data-widget_type=\"text-editor.default\">\n\t\t\t\t<div class=\"elementor-widget-container\">\n\t\t\t\t\t\t\t\t\t<p>John Dakne<\/p>\t\t\t\t\t\t\t\t<\/div>\n\t\t\t\t<\/div>\n\t\t\t\t<div class=\"elementor-element elementor-element-3e724d0 elementor-widget elementor-widget-text-editor\" data-id=\"3e724d0\" data-element_type=\"widget\" data-e-type=\"widget\" data-widget_type=\"text-editor.default\">\n\t\t\t\t<div class=\"elementor-widget-container\">\n\t\t\t\t\t\t\t\t\t<p>Co-founder<\/p>\t\t\t\t\t\t\t\t<\/div>\n\t\t\t\t<\/div>\n\t\t\t\t<\/div>\n\t\t<div class=\"elementor-element elementor-element-ad6ec4d e-con-full e-flex e-con e-child\" data-id=\"ad6ec4d\" data-element_type=\"container\" data-e-type=\"container\">\n\t\t<div class=\"elementor-element elementor-element-53228c0 e-con-full elementor-hidden-desktop elementor-hidden-tablet elementor-hidden-mobile e-flex e-con e-child\" data-id=\"53228c0\" data-element_type=\"container\" data-e-type=\"container\" data-settings=\"{&quot;background_background&quot;:&quot;classic&quot;}\">\n\t\t\t\t<\/div>\n\t\t\t\t<div class=\"elementor-element elementor-element-884994e elementor-widget elementor-widget-text-editor\" data-id=\"884994e\" data-element_type=\"widget\" data-e-type=\"widget\" data-widget_type=\"text-editor.default\">\n\t\t\t\t<div class=\"elementor-widget-container\">\n\t\t\t\t\t\t\t\t\t<p>John Dakne<\/p>\t\t\t\t\t\t\t\t<\/div>\n\t\t\t\t<\/div>\n\t\t\t\t<div class=\"elementor-element elementor-element-c69ed43 elementor-widget elementor-widget-text-editor\" data-id=\"c69ed43\" data-element_type=\"widget\" data-e-type=\"widget\" data-widget_type=\"text-editor.default\">\n\t\t\t\t<div class=\"elementor-widget-container\">\n\t\t\t\t\t\t\t\t\t<p>Co-founder<\/p>\t\t\t\t\t\t\t\t<\/div>\n\t\t\t\t<\/div>\n\t\t\t\t<\/div>\n\t\t\t\t<\/div>\n\t\t<div class=\"elementor-element elementor-element-bafd69f e-con-full elementor-hidden-desktop elementor-hidden-tablet elementor-hidden-mobile e-flex e-con e-child\" data-id=\"bafd69f\" data-element_type=\"container\" data-e-type=\"container\">\n\t\t<div class=\"elementor-element elementor-element-2cd1f18 e-con-full e-flex e-con e-child\" data-id=\"2cd1f18\" data-element_type=\"container\" data-e-type=\"container\">\n\t\t<div class=\"elementor-element elementor-element-8ece323 e-con-full e-flex e-con e-child\" data-id=\"8ece323\" data-element_type=\"container\" data-e-type=\"container\" data-settings=\"{&quot;background_background&quot;:&quot;classic&quot;}\">\n\t\t\t\t<\/div>\n\t\t\t\t<div class=\"elementor-element elementor-element-4b2e07d elementor-widget elementor-widget-text-editor\" data-id=\"4b2e07d\" data-element_type=\"widget\" data-e-type=\"widget\" data-widget_type=\"text-editor.default\">\n\t\t\t\t<div class=\"elementor-widget-container\">\n\t\t\t\t\t\t\t\t\t<p>John Dakne<\/p>\t\t\t\t\t\t\t\t<\/div>\n\t\t\t\t<\/div>\n\t\t\t\t<div class=\"elementor-element elementor-element-19e6a3b elementor-widget elementor-widget-text-editor\" data-id=\"19e6a3b\" data-element_type=\"widget\" data-e-type=\"widget\" data-widget_type=\"text-editor.default\">\n\t\t\t\t<div class=\"elementor-widget-container\">\n\t\t\t\t\t\t\t\t\t<p>Co-founder<\/p>\t\t\t\t\t\t\t\t<\/div>\n\t\t\t\t<\/div>\n\t\t\t\t<\/div>\n\t\t<div class=\"elementor-element elementor-element-1ad6ba9 e-con-full e-flex e-con e-child\" data-id=\"1ad6ba9\" data-element_type=\"container\" data-e-type=\"container\">\n\t\t<div class=\"elementor-element elementor-element-b0eae16 e-con-full e-flex e-con e-child\" data-id=\"b0eae16\" data-element_type=\"container\" data-e-type=\"container\" data-settings=\"{&quot;background_background&quot;:&quot;classic&quot;}\">\n\t\t\t\t<\/div>\n\t\t\t\t<div class=\"elementor-element elementor-element-4cbdadc elementor-widget elementor-widget-text-editor\" data-id=\"4cbdadc\" data-element_type=\"widget\" data-e-type=\"widget\" data-widget_type=\"text-editor.default\">\n\t\t\t\t<div class=\"elementor-widget-container\">\n\t\t\t\t\t\t\t\t\t<p>John Dakne<\/p>\t\t\t\t\t\t\t\t<\/div>\n\t\t\t\t<\/div>\n\t\t\t\t<div class=\"elementor-element elementor-element-4550f97 elementor-widget elementor-widget-text-editor\" data-id=\"4550f97\" data-element_type=\"widget\" data-e-type=\"widget\" data-widget_type=\"text-editor.default\">\n\t\t\t\t<div class=\"elementor-widget-container\">\n\t\t\t\t\t\t\t\t\t<p>Co-founder<\/p>\t\t\t\t\t\t\t\t<\/div>\n\t\t\t\t<\/div>\n\t\t\t\t<\/div>\n\t\t<div class=\"elementor-element elementor-element-d8f1b1a e-con-full e-flex e-con e-child\" data-id=\"d8f1b1a\" data-element_type=\"container\" data-e-type=\"container\">\n\t\t<div class=\"elementor-element elementor-element-408157b e-con-full e-flex e-con e-child\" data-id=\"408157b\" data-element_type=\"container\" data-e-type=\"container\" data-settings=\"{&quot;background_background&quot;:&quot;classic&quot;}\">\n\t\t\t\t<\/div>\n\t\t\t\t<div class=\"elementor-element elementor-element-c1577cb elementor-widget elementor-widget-text-editor\" data-id=\"c1577cb\" data-element_type=\"widget\" data-e-type=\"widget\" data-widget_type=\"text-editor.default\">\n\t\t\t\t<div class=\"elementor-widget-container\">\n\t\t\t\t\t\t\t\t\t<p>John Dakne<\/p>\t\t\t\t\t\t\t\t<\/div>\n\t\t\t\t<\/div>\n\t\t\t\t<div class=\"elementor-element elementor-element-49e7379 elementor-widget elementor-widget-text-editor\" data-id=\"49e7379\" data-element_type=\"widget\" data-e-type=\"widget\" data-widget_type=\"text-editor.default\">\n\t\t\t\t<div class=\"elementor-widget-container\">\n\t\t\t\t\t\t\t\t\t<p>Co-founder<\/p>\t\t\t\t\t\t\t\t<\/div>\n\t\t\t\t<\/div>\n\t\t\t\t<\/div>\n\t\t<div class=\"elementor-element elementor-element-2f55394 e-con-full e-flex e-con e-child\" data-id=\"2f55394\" data-element_type=\"container\" data-e-type=\"container\">\n\t\t<div class=\"elementor-element elementor-element-aaded39 e-con-full e-flex e-con e-child\" data-id=\"aaded39\" data-element_type=\"container\" data-e-type=\"container\" data-settings=\"{&quot;background_background&quot;:&quot;classic&quot;}\">\n\t\t\t\t<\/div>\n\t\t\t\t<div class=\"elementor-element elementor-element-b72ce46 elementor-widget elementor-widget-text-editor\" data-id=\"b72ce46\" data-element_type=\"widget\" data-e-type=\"widget\" data-widget_type=\"text-editor.default\">\n\t\t\t\t<div class=\"elementor-widget-container\">\n\t\t\t\t\t\t\t\t\t<p>John Dakne<\/p>\t\t\t\t\t\t\t\t<\/div>\n\t\t\t\t<\/div>\n\t\t\t\t<div class=\"elementor-element elementor-element-c3598db elementor-widget elementor-widget-text-editor\" data-id=\"c3598db\" data-element_type=\"widget\" data-e-type=\"widget\" data-widget_type=\"text-editor.default\">\n\t\t\t\t<div class=\"elementor-widget-container\">\n\t\t\t\t\t\t\t\t\t<p>Co-founder<\/p>\t\t\t\t\t\t\t\t<\/div>\n\t\t\t\t<\/div>\n\t\t\t\t<\/div>\n\t\t\t\t<\/div>\n\t\t\t\t\t<\/div>\n\t\t\t\t<\/div>\n\t\t<div class=\"elementor-element elementor-element-49f319d e-flex e-con-boxed e-con e-parent\" data-id=\"49f319d\" data-element_type=\"container\" data-e-type=\"container\">\n\t\t\t\t\t<div class=\"e-con-inner\">\n\t\t<div class=\"elementor-element elementor-element-35a1f4e e-con-full e-flex e-con e-child\" data-id=\"35a1f4e\" data-element_type=\"container\" data-e-type=\"container\">\n\t\t\t\t<div class=\"elementor-element elementor-element-69f3d31 elementor-widget elementor-widget-heading\" data-id=\"69f3d31\" data-element_type=\"widget\" data-e-type=\"widget\" data-widget_type=\"heading.default\">\n\t\t\t\t<div class=\"elementor-widget-container\">\n\t\t\t\t\t<h2 class=\"elementor-heading-title elementor-size-default\">Karriereportal<\/h2>\t\t\t\t<\/div>\n\t\t\t\t<\/div>\n\t\t\t\t<div class=\"elementor-element elementor-element-d77270d elementor-widget__width-initial elementor-widget elementor-widget-text-editor\" data-id=\"d77270d\" data-element_type=\"widget\" data-e-type=\"widget\" data-widget_type=\"text-editor.default\">\n\t\t\t\t<div class=\"elementor-widget-container\">\n\t\t\t\t\t\t\t\t\t<p class=\"my-2 [&amp;+p]:mt-4 [&amp;_strong:has(+br)]:inline-block [&amp;_strong:has(+br)]:pb-2\">Wir suchen st\u00e4ndig engagierte Talente, die unsere Leidenschaft f\u00fcr erneuerbare Energien teilen. Machen Sie den Unterschied mit uns \u2013 ob in Technik, Vertrieb oder Beratung!<\/p>\t\t\t\t\t\t\t\t<\/div>\n\t\t\t\t<\/div>\n\t\t\t\t<div class=\"elementor-element elementor-element-e2c234b elementor-widget elementor-widget-button\" data-id=\"e2c234b\" data-element_type=\"widget\" data-e-type=\"widget\" data-widget_type=\"button.default\">\n\t\t\t\t<div class=\"elementor-widget-container\">\n\t\t\t\t\t\t\t\t\t<div class=\"elementor-button-wrapper\">\n\t\t\t\t\t<a class=\"elementor-button elementor-button-link elementor-size-sm\" href=\"https:\/\/die-energiepioniere.de\/de\/careers\/\">\n\t\t\t\t\t\t<span class=\"elementor-button-content-wrapper\">\n\t\t\t\t\t\t\t\t\t<span class=\"elementor-button-text\">Jetzt bewerben<\/span>\n\t\t\t\t\t<\/span>\n\t\t\t\t\t<\/a>\n\t\t\t\t<\/div>\n\t\t\t\t\t\t\t\t<\/div>\n\t\t\t\t<\/div>\n\t\t\t\t<\/div>\n\t\t<div class=\"elementor-element elementor-element-e09777b e-con-full e-flex e-con e-child\" data-id=\"e09777b\" data-element_type=\"container\" data-e-type=\"container\">\n\t\t\t\t<div class=\"elementor-element elementor-element-5ac37bf elementor-widget elementor-widget-image\" data-id=\"5ac37bf\" data-element_type=\"widget\" data-e-type=\"widget\" data-widget_type=\"image.default\">\n\t\t\t\t<div class=\"elementor-widget-container\">\n\t\t\t\t\t\t\t\t\t\t\t\t\t\t\t<img decoding=\"async\" width=\"520\" height=\"424\" src=\"https:\/\/die-energiepioniere.de\/wp-content\/uploads\/2024\/10\/primjer2.png\" class=\"attachment-large size-large wp-image-2750\" alt=\"\" srcset=\"https:\/\/die-energiepioniere.de\/wp-content\/uploads\/2024\/10\/primjer2.png 520w, https:\/\/die-energiepioniere.de\/wp-content\/uploads\/2024\/10\/primjer2-300x245.png 300w, https:\/\/die-energiepioniere.de\/wp-content\/uploads\/2024\/10\/primjer2-15x12.png 15w\" sizes=\"(max-width: 520px) 100vw, 520px\" \/>\t\t\t\t\t\t\t\t\t\t\t\t\t\t\t<\/div>\n\t\t\t\t<\/div>\n\t\t\t\t<\/div>\n\t\t\t\t\t<\/div>\n\t\t\t\t<\/div>\n\t\t\t\t<\/div>\n\t\t","protected":false},"excerpt":{"rendered":"<p>Wir sind DIE ENERGIEPIONIERE\u00a0 \u2013 Ihr zuverl\u00e4ssiger Partner f\u00fcr innovative L\u00f6sungen im Bereich erneuerbare Energien. Seit unserer Gr\u00fcndung stehen wir f\u00fcr Qualit\u00e4t, Kompetenz und pers\u00f6nliche Beratung. Wir verbinden modernes Know-how mit langj\u00e4hriger Erfahrung, um f\u00fcr unsere Kunden ma\u00dfgeschneiderte Ergebnisse zu liefern. Unser Ziel ist es, nachhaltigen Mehrwert zu schaffen und Vertrauen durch Leistung zu gewinnen [&hellip;]<\/p>\n","protected":false},"author":5,"featured_media":0,"parent":0,"menu_order":0,"comment_status":"closed","ping_status":"closed","template":"","meta":{"_acf_changed":false,"footnotes":""},"class_list":["post-96","page","type-page","status-publish","hentry"],"acf":[],"_links":{"self":[{"href":"https:\/\/die-energiepioniere.de\/de\/wp-json\/wp\/v2\/pages\/96","targetHints":{"allow":["GET"]}}],"collection":[{"href":"https:\/\/die-energiepioniere.de\/de\/wp-json\/wp\/v2\/pages"}],"about":[{"href":"https:\/\/die-energiepioniere.de\/de\/wp-json\/wp\/v2\/types\/page"}],"author":[{"embeddable":true,"href":"https:\/\/die-energiepioniere.de\/de\/wp-json\/wp\/v2\/users\/5"}],"replies":[{"embeddable":true,"href":"https:\/\/die-energiepioniere.de\/de\/wp-json\/wp\/v2\/comments?post=96"}],"version-history":[{"count":63,"href":"https:\/\/die-energiepioniere.de\/de\/wp-json\/wp\/v2\/pages\/96\/revisions"}],"predecessor-version":[{"id":3943,"href":"https:\/\/die-energiepioniere.de\/de\/wp-json\/wp\/v2\/pages\/96\/revisions\/3943"}],"wp:attachment":[{"href":"https:\/\/die-energiepioniere.de\/de\/wp-json\/wp\/v2\/media?parent=96"}],"curies":[{"name":"wp","href":"https:\/\/api.w.org\/{rel}","templated":true}]}}