{"id":2579,"date":"2024-10-16T21:39:40","date_gmt":"2024-10-16T21:39:40","guid":{"rendered":"https:\/\/die-energiepioniere.de\/?page_id=2579"},"modified":"2026-03-26T20:17:23","modified_gmt":"2026-03-26T20:17:23","slug":"terms-of-service","status":"publish","type":"page","link":"https:\/\/die-energiepioniere.de\/en\/terms-of-service\/","title":{"rendered":"Terms of service"},"content":{"rendered":"<div data-elementor-type=\"wp-page\" data-elementor-id=\"2579\" class=\"elementor elementor-2579\" data-elementor-post-type=\"page\">\n\t\t\t\t<div class=\"elementor-element elementor-element-56c836a e-flex e-con-boxed e-con e-parent\" data-id=\"56c836a\" data-element_type=\"container\" data-e-type=\"container\" data-settings=\"{&quot;background_background&quot;:&quot;classic&quot;}\">\n\t\t\t\t\t<div class=\"e-con-inner\">\n\t\t\t\t<div class=\"elementor-element elementor-element-547fa6d elementor-widget elementor-widget-heading\" data-id=\"547fa6d\" data-element_type=\"widget\" data-e-type=\"widget\" data-widget_type=\"heading.default\">\n\t\t\t\t<div class=\"elementor-widget-container\">\n\t\t\t\t\t<h2 class=\"elementor-heading-title elementor-size-default\">Imprint<\/h2>\t\t\t\t<\/div>\n\t\t\t\t<\/div>\n\t\t\t\t\t<\/div>\n\t\t\t\t<\/div>\n\t\t<div class=\"elementor-element elementor-element-6b74b6e e-flex e-con-boxed e-con e-parent\" data-id=\"6b74b6e\" data-element_type=\"container\" data-e-type=\"container\" data-settings=\"{&quot;background_background&quot;:&quot;classic&quot;}\">\n\t\t\t\t\t<div class=\"e-con-inner\">\n\t\t<div class=\"elementor-element elementor-element-ad2b5e8 e-con-full terms e-flex e-con e-child\" data-id=\"ad2b5e8\" data-element_type=\"container\" data-e-type=\"container\" id=\"terms\">\n\t\t\t\t<div class=\"elementor-element elementor-element-23963b6 elementor-widget elementor-widget-text-editor\" data-id=\"23963b6\" data-element_type=\"widget\" data-e-type=\"widget\" data-widget_type=\"text-editor.default\">\n\t\t\t\t<div class=\"elementor-widget-container\">\n\t\t\t\t\t\t\t\t\t<p><strong>Die Energiepioniere GmbH<\/strong><br \/>Am Haag 8<br \/>82166 Gr\u00e4felfing, Germany<\/p><p><strong data-start=\"289\" data-end=\"309\">Handelsregister:<\/strong><br data-start=\"309\" data-end=\"312\" \/>Eingetragen im Handelsregister des Amtsgerichts M\u00fcnchen<br data-start=\"367\" data-end=\"370\" \/>unter HRB 293519<\/p><p><strong data-start=\"230\" data-end=\"270\">Vertreten durch den Gesch\u00e4ftsf\u00fchrer:<\/strong><br data-start=\"270\" data-end=\"273\" \/>Tassilo Hahn<\/p><p><strong data-start=\"390\" data-end=\"402\">Kontakt:<\/strong><br data-start=\"402\" data-end=\"405\" \/>Telefon: +49 (0)89 120 80 670<br data-start=\"434\" data-end=\"437\" \/>E-Mail: <a class=\"decorated-link cursor-pointer\" rel=\"noopener\" data-start=\"445\" data-end=\"472\">info@die-energiepioniere.de<\/a><\/p><p><strong data-start=\"476\" data-end=\"533\">Umsatzsteuer-Identifikationsnummer gem\u00e4\u00df \u00a7 27 a UStG:<\/strong><br data-start=\"533\" data-end=\"536\" \/>DE368608498<\/p><p data-start=\"556\" data-end=\"611\"><strong>Verantwortlich f\u00fcr den Inhalt nach \u00a7 18 Abs. 2 MStV<\/strong><\/p><p data-start=\"613\" data-end=\"672\">Tassilo Hahn<br data-start=\"625\" data-end=\"628\" \/>Am Haag 8<br data-start=\"637\" data-end=\"640\" \/>82166 Gr\u00e4felfing<br data-start=\"656\" data-end=\"659\" \/>Deutschland<\/p><p data-start=\"679\" data-end=\"703\"><strong>EU-Streitschlichtung<\/strong><\/p><p data-start=\"705\" data-end=\"832\">Die Europ\u00e4ische Kommission stellt eine Plattform zur Online-Streitbeilegung (OS) bereit:<br data-start=\"793\" data-end=\"796\" \/><a class=\"decorated-link\" href=\"https:\/\/ec.europa.eu\/consumers\/odr\" target=\"_new\" rel=\"noopener\" data-start=\"796\" data-end=\"830\">https:\/\/ec.europa.eu\/consumers\/odr<\/a><\/p><p data-start=\"834\" data-end=\"885\">Unsere E-Mail-Adresse finden Sie oben im Impressum.<\/p><p data-start=\"892\" data-end=\"952\">Verbraucherstreitbeilegung \/ Universalschlichtungsstelle<\/p><p data-start=\"954\" data-end=\"1077\">Wir sind nicht bereit oder verpflichtet, an Streitbeilegungsverfahren vor einer Verbraucherschlichtungsstelle teilzunehmen.<\/p>\t\t\t\t\t\t\t\t<\/div>\n\t\t\t\t<\/div>\n\t\t\t\t<\/div>\n\t\t\t\t\t<\/div>\n\t\t\t\t<\/div>\n\t\t\t\t<\/div>","protected":false},"excerpt":{"rendered":"<p>Impressum Die Energiepioniere GmbHAm Haag 882166 Gr\u00e4felfing, Germany Handelsregister:Eingetragen im Handelsregister des Amtsgerichts M\u00fcnchenunter HRB 293519 Vertreten durch den Gesch\u00e4ftsf\u00fchrer:Tassilo Hahn Kontakt:Telefon: +49 (0)89 120 80 670E-Mail: info@die-energiepioniere.de Umsatzsteuer-Identifikationsnummer gem\u00e4\u00df \u00a7 27 a UStG:DE368608498 Verantwortlich f\u00fcr den Inhalt nach \u00a7 18 Abs. 2 MStV Tassilo HahnAm Haag 882166 Gr\u00e4felfingDeutschland EU-Streitschlichtung Die Europ\u00e4ische Kommission stellt eine [&hellip;]<\/p>\n","protected":false},"author":5,"featured_media":0,"parent":0,"menu_order":0,"comment_status":"closed","ping_status":"closed","template":"","meta":{"_acf_changed":false,"footnotes":""},"class_list":["post-2579","page","type-page","status-publish","hentry"],"acf":[],"_links":{"self":[{"href":"https:\/\/die-energiepioniere.de\/en\/wp-json\/wp\/v2\/pages\/2579","targetHints":{"allow":["GET"]}}],"collection":[{"href":"https:\/\/die-energiepioniere.de\/en\/wp-json\/wp\/v2\/pages"}],"about":[{"href":"https:\/\/die-energiepioniere.de\/en\/wp-json\/wp\/v2\/types\/page"}],"author":[{"embeddable":true,"href":"https:\/\/die-energiepioniere.de\/en\/wp-json\/wp\/v2\/users\/5"}],"replies":[{"embeddable":true,"href":"https:\/\/die-energiepioniere.de\/en\/wp-json\/wp\/v2\/comments?post=2579"}],"version-history":[{"count":3,"href":"https:\/\/die-energiepioniere.de\/en\/wp-json\/wp\/v2\/pages\/2579\/revisions"}],"predecessor-version":[{"id":3806,"href":"https:\/\/die-energiepioniere.de\/en\/wp-json\/wp\/v2\/pages\/2579\/revisions\/3806"}],"wp:attachment":[{"href":"https:\/\/die-energiepioniere.de\/en\/wp-json\/wp\/v2\/media?parent=2579"}],"curies":[{"name":"wp","href":"https:\/\/api.w.org\/{rel}","templated":true}]}}