{"id":3293,"date":"2024-10-31T18:55:52","date_gmt":"2024-10-31T18:55:52","guid":{"rendered":"https:\/\/die-energiepioniere.de\/?page_id=3293"},"modified":"2026-03-30T17:23:12","modified_gmt":"2026-03-30T17:23:12","slug":"careers","status":"publish","type":"page","link":"https:\/\/die-energiepioniere.de\/en\/careers\/","title":{"rendered":"Career portal"},"content":{"rendered":"<div data-elementor-type=\"wp-page\" data-elementor-id=\"3293\" class=\"elementor elementor-3293\" data-elementor-post-type=\"page\">\n\t\t\t\t<div class=\"elementor-element elementor-element-84e85f8 e-flex e-con-boxed e-con e-parent\" data-id=\"84e85f8\" data-element_type=\"container\" data-e-type=\"container\" data-settings=\"{&quot;background_background&quot;:&quot;classic&quot;}\">\n\t\t\t\t\t<div class=\"e-con-inner\">\n\t\t<div class=\"elementor-element elementor-element-8cb3f64 e-con-full e-flex e-con e-child\" data-id=\"8cb3f64\" data-element_type=\"container\" data-e-type=\"container\">\n\t\t\t\t<div class=\"elementor-element elementor-element-245cf92 elementor-widget elementor-widget-heading\" data-id=\"245cf92\" data-element_type=\"widget\" data-e-type=\"widget\" data-widget_type=\"heading.default\">\n\t\t\t\t<div class=\"elementor-widget-container\">\n\t\t\t\t\t<h2 class=\"elementor-heading-title elementor-size-default\">Career portal<\/h2>\t\t\t\t<\/div>\n\t\t\t\t<\/div>\n\t\t\t\t<\/div>\n\t\t\t\t\t<\/div>\n\t\t\t\t<\/div>\n\t\t<div class=\"elementor-element elementor-element-a08ece8 e-flex e-con-boxed e-con e-parent\" data-id=\"a08ece8\" data-element_type=\"container\" data-e-type=\"container\" data-settings=\"{&quot;background_background&quot;:&quot;classic&quot;}\">\n\t\t\t\t\t<div class=\"e-con-inner\">\n\t\t<div class=\"elementor-element elementor-element-8a68ae2 e-con-full e-flex e-con e-child\" data-id=\"8a68ae2\" data-element_type=\"container\" data-e-type=\"container\">\n\t\t\t\t<div class=\"elementor-element elementor-element-069b01c elementor-widget elementor-widget-heading\" data-id=\"069b01c\" data-element_type=\"widget\" data-e-type=\"widget\" data-widget_type=\"heading.default\">\n\t\t\t\t<div class=\"elementor-widget-container\">\n\t\t\t\t\t<h2 class=\"elementor-heading-title elementor-size-default\">Open positions<\/h2>\t\t\t\t<\/div>\n\t\t\t\t<\/div>\n\t\t\t\t<div class=\"elementor-element elementor-element-2831fd4 elementor-widget elementor-widget-text-editor\" data-id=\"2831fd4\" data-element_type=\"widget\" data-e-type=\"widget\" data-widget_type=\"text-editor.default\">\n\t\t\t\t<div class=\"elementor-widget-container\">\n\t\t\t\t\t\t\t\t\t<p>Join our dedicated team that passionately drives the energy transition forward. Actively shape sustainable solutions in solar, heat pumps, and e\u2011mobility \u2014 for a more environmentally friendly world.<\/p>\t\t\t\t\t\t\t\t<\/div>\n\t\t\t\t<\/div>\n\t\t<div class=\"elementor-element elementor-element-583caeb e-con-full e-flex e-con e-child\" data-id=\"583caeb\" data-element_type=\"container\" data-e-type=\"container\" data-settings=\"{&quot;background_background&quot;:&quot;classic&quot;}\">\n\t\t<div class=\"elementor-element elementor-element-f8c37c8 e-con-full e-flex e-con e-child\" data-id=\"f8c37c8\" data-element_type=\"container\" data-e-type=\"container\">\n\t\t\t\t<div class=\"elementor-element elementor-element-2fe36b8 elementor-widget elementor-widget-heading\" data-id=\"2fe36b8\" data-element_type=\"widget\" data-e-type=\"widget\" data-widget_type=\"heading.default\">\n\t\t\t\t<div class=\"elementor-widget-container\">\n\t\t\t\t\t<h2 class=\"elementor-heading-title elementor-size-default\">Sales Representative (m\/f\/d) <\/h2>\t\t\t\t<\/div>\n\t\t\t\t<\/div>\n\t\t\t\t<div class=\"elementor-element elementor-element-42b0b4b elementor-widget elementor-widget-text-editor\" data-id=\"42b0b4b\" data-element_type=\"widget\" data-e-type=\"widget\" data-widget_type=\"text-editor.default\">\n\t\t\t\t<div class=\"elementor-widget-container\">\n\t\t\t\t\t\t\t\t\t<p>We are looking for dedicated sales representatives (m\/f\/d) in the field of photovoltaic and heat pump sales. In this position, you are responsible for acquiring and supporting customers in the renewable energy sector. You represent our company independently and build sustainable business relationships. Your task is to actively position our innovative products on the market and to support the growth of our customer base through targeted sales activities.<\/p>\t\t\t\t\t\t\t\t<\/div>\n\t\t\t\t<\/div>\n\t\t<div class=\"elementor-element elementor-element-5e39053 e-con-full e-flex e-con e-child\" data-id=\"5e39053\" data-element_type=\"container\" data-e-type=\"container\">\n\t\t\t\t<div class=\"elementor-element elementor-element-efc4fc0 elementor-icon-list--layout-inline elementor-list-item-link-full_width elementor-widget elementor-widget-icon-list\" data-id=\"efc4fc0\" data-element_type=\"widget\" data-e-type=\"widget\" data-widget_type=\"icon-list.default\">\n\t\t\t\t<div class=\"elementor-widget-container\">\n\t\t\t\t\t\t\t<ul class=\"elementor-icon-list-items elementor-inline-items\">\n\t\t\t\t\t\t\t<li class=\"elementor-icon-list-item elementor-inline-item\">\n\t\t\t\t\t\t\t\t\t\t\t<span class=\"elementor-icon-list-icon\">\n\t\t\t\t\t\t\t<svg xmlns=\"http:\/\/www.w3.org\/2000\/svg\" width=\"20\" height=\"21\" viewbox=\"0 0 20 21\" fill=\"none\"><g clip-path=\"url(#clip0_2613_4896)\"><path d=\"M17.5 8.57007C17.5 14.4034 10 19.4034 10 19.4034C10 19.4034 2.5 14.4034 2.5 8.57007C2.5 6.58094 3.29018 4.67329 4.6967 3.26677C6.10322 1.86024 8.01088 1.07007 10 1.07007C11.9891 1.07007 13.8968 1.86024 15.3033 3.26677C16.7098 4.67329 17.5 6.58094 17.5 8.57007Z\" stroke=\"#175271\" style=\"stroke:#175271;stroke:color(display-p3 0.0902 0.3216 0.4431);stroke-opacity:1;\" stroke-width=\"1.5\" stroke-linecap=\"round\" stroke-linejoin=\"round\"><\/path><path d=\"M10 11.0701C11.3807 11.0701 12.5 9.95078 12.5 8.57007C12.5 7.18936 11.3807 6.07007 10 6.07007C8.61929 6.07007 7.5 7.18936 7.5 8.57007C7.5 9.95078 8.61929 11.0701 10 11.0701Z\" stroke=\"#175271\" style=\"stroke:#175271;stroke:color(display-p3 0.0902 0.3216 0.4431);stroke-opacity:1;\" stroke-width=\"1.5\" stroke-linecap=\"round\" stroke-linejoin=\"round\"><\/path><\/g><defs><clippath id=\"clip0_2613_4896\"><rect width=\"20\" height=\"20\" fill=\"white\" style=\"fill:white;fill-opacity:1;\" transform=\"translate(0 0.236816)\"><\/rect><\/clippath><\/defs><\/svg>\t\t\t\t\t\t<\/span>\n\t\t\t\t\t\t\t\t\t\t<span class=\"elementor-icon-list-text\">Germany<\/span>\n\t\t\t\t\t\t\t\t\t<\/li>\n\t\t\t\t\t\t\t\t<li class=\"elementor-icon-list-item elementor-inline-item\">\n\t\t\t\t\t\t\t\t\t\t\t<span class=\"elementor-icon-list-icon\">\n\t\t\t\t\t\t\t<svg xmlns=\"http:\/\/www.w3.org\/2000\/svg\" width=\"20\" height=\"21\" viewbox=\"0 0 20 21\" fill=\"none\"><path d=\"M9.99935 18.5702C14.6017 18.5702 18.3327 14.8393 18.3327 10.2369C18.3327 5.63452 14.6017 1.90356 9.99935 1.90356C5.39698 1.90356 1.66602 5.63452 1.66602 10.2369C1.66602 14.8393 5.39698 18.5702 9.99935 18.5702Z\" stroke=\"#175271\" style=\"stroke:#175271;stroke:color(display-p3 0.0902 0.3216 0.4431);stroke-opacity:1;\" stroke-width=\"1.5\" stroke-linecap=\"round\" stroke-linejoin=\"round\"><\/path><path d=\"M10 5.23682V10.2368L13.3333 11.9035\" stroke=\"#175271\" style=\"stroke:#175271;stroke:color(display-p3 0.0902 0.3216 0.4431);stroke-opacity:1;\" stroke-width=\"1.5\" stroke-linecap=\"round\" stroke-linejoin=\"round\"><\/path><\/svg>\t\t\t\t\t\t<\/span>\n\t\t\t\t\t\t\t\t\t\t<span class=\"elementor-icon-list-text\">Monday-Friday<\/span>\n\t\t\t\t\t\t\t\t\t<\/li>\n\t\t\t\t\t\t<\/ul>\n\t\t\t\t\t\t<\/div>\n\t\t\t\t<\/div>\n\t\t\t\t<\/div>\n\t\t\t\t<\/div>\n\t\t<div class=\"elementor-element elementor-element-090b33a e-con-full e-flex e-con e-child\" data-id=\"090b33a\" data-element_type=\"container\" data-e-type=\"container\">\n\t\t\t\t<div class=\"elementor-element elementor-element-e2307f6 elementor-mobile-align-justify elementor-widget-mobile__width-inherit elementor-widget elementor-widget-button\" data-id=\"e2307f6\" data-element_type=\"widget\" data-e-type=\"widget\" data-widget_type=\"button.default\">\n\t\t\t\t<div class=\"elementor-widget-container\">\n\t\t\t\t\t\t\t\t\t<div class=\"elementor-button-wrapper\">\n\t\t\t\t\t<a class=\"elementor-button elementor-button-link elementor-size-sm\" href=\"https:\/\/die-energiepioniere.de\/en\/single-career\/\">\n\t\t\t\t\t\t<span class=\"elementor-button-content-wrapper\">\n\t\t\t\t\t\t\t\t\t<span class=\"elementor-button-text\">more info<\/span>\n\t\t\t\t\t<\/span>\n\t\t\t\t\t<\/a>\n\t\t\t\t<\/div>\n\t\t\t\t\t\t\t\t<\/div>\n\t\t\t\t<\/div>\n\t\t\t\t<\/div>\n\t\t\t\t<\/div>\n\t\t\t\t<\/div>\n\t\t\t\t\t<\/div>\n\t\t\t\t<\/div>\n\t\t\t\t<\/div>","protected":false},"excerpt":{"rendered":"<p>Karriereportal Offene Stellen Schlie\u00dfen Sie sich unserem engagierten Team an, das mit Leidenschaft die Energiewende vorantreibt. Gestalten Sie aktiv nachhaltige L\u00f6sungen in Solar, W\u00e4rmepumpen und E-Mobilit\u00e4t \u2013 f\u00fcr eine umweltfreundlichere Welt. Handelsvertreter:in (m\/w\/d) Wir suchen engagierte Handelsvertreter:innen (m\/w\/d) im Verkauf von Photovoltaik und W\u00e4rmepumpen. In dieser Position sind Sie verantwortlich f\u00fcr die Akquise und Betreuung [&hellip;]<\/p>\n","protected":false},"author":5,"featured_media":0,"parent":0,"menu_order":0,"comment_status":"closed","ping_status":"closed","template":"","meta":{"_acf_changed":false,"footnotes":""},"class_list":["post-3293","page","type-page","status-publish","hentry"],"acf":[],"_links":{"self":[{"href":"https:\/\/die-energiepioniere.de\/en\/wp-json\/wp\/v2\/pages\/3293","targetHints":{"allow":["GET"]}}],"collection":[{"href":"https:\/\/die-energiepioniere.de\/en\/wp-json\/wp\/v2\/pages"}],"about":[{"href":"https:\/\/die-energiepioniere.de\/en\/wp-json\/wp\/v2\/types\/page"}],"author":[{"embeddable":true,"href":"https:\/\/die-energiepioniere.de\/en\/wp-json\/wp\/v2\/users\/5"}],"replies":[{"embeddable":true,"href":"https:\/\/die-energiepioniere.de\/en\/wp-json\/wp\/v2\/comments?post=3293"}],"version-history":[{"count":12,"href":"https:\/\/die-energiepioniere.de\/en\/wp-json\/wp\/v2\/pages\/3293\/revisions"}],"predecessor-version":[{"id":3923,"href":"https:\/\/die-energiepioniere.de\/en\/wp-json\/wp\/v2\/pages\/3293\/revisions\/3923"}],"wp:attachment":[{"href":"https:\/\/die-energiepioniere.de\/en\/wp-json\/wp\/v2\/media?parent=3293"}],"curies":[{"name":"wp","href":"https:\/\/api.w.org\/{rel}","templated":true}]}}